{"id":1366,"date":"2024-10-31T07:50:12","date_gmt":"2024-10-31T07:50:12","guid":{"rendered":"https:\/\/produccion6.proweb-jscomunicacion.com\/?page_id=1366"},"modified":"2024-11-04T09:31:56","modified_gmt":"2024-11-04T09:31:56","slug":"politica-de-privacidad","status":"publish","type":"page","link":"https:\/\/summerfruit.es\/en\/politica-de-privacidad\/","title":{"rendered":"PRIVACY POLICY"},"content":{"rendered":"<p><div class=\"fusion-fullwidth fullwidth-box fusion-builder-row-1 fusion-flex-container has-pattern-background has-mask-background nonhundred-percent-fullwidth non-hundred-percent-height-scrolling\" style=\"--awb-border-radius-top-left:0px;--awb-border-radius-top-right:0px;--awb-border-radius-bottom-right:0px;--awb-border-radius-bottom-left:0px;--awb-flex-wrap:wrap;\" ><div class=\"fusion-builder-row fusion-row fusion-flex-align-items-flex-start fusion-flex-content-wrap\" style=\"max-width:1248px;margin-left: calc(-4% \/ 2 );margin-right: calc(-4% \/ 2 );\"><div class=\"fusion-layout-column fusion_builder_column fusion-builder-column-0 fusion_builder_column_1_1 1_1 fusion-flex-column\" style=\"--awb-bg-size:cover;--awb-width-large:100%;--awb-margin-top-large:0px;--awb-spacing-right-large:1.92%;--awb-margin-bottom-large:20px;--awb-spacing-left-large:1.92%;--awb-width-medium:100%;--awb-order-medium:0;--awb-spacing-right-medium:1.92%;--awb-spacing-left-medium:1.92%;--awb-width-small:100%;--awb-order-small:0;--awb-spacing-right-small:1.92%;--awb-spacing-left-small:1.92%;\"><div class=\"fusion-column-wrapper fusion-column-has-shadow fusion-flex-justify-content-flex-start fusion-content-layout-column\"><div class=\"fusion-text fusion-text-1\" style=\"--awb-font-size:30px;\"><p>PRIVACY POLICY<\/p>\n<\/div><\/div><\/div><\/div><\/div><div class=\"fusion-fullwidth fullwidth-box fusion-builder-row-2 fusion-flex-container nonhundred-percent-fullwidth non-hundred-percent-height-scrolling\" style=\"--awb-border-radius-top-left:0px;--awb-border-radius-top-right:0px;--awb-border-radius-bottom-right:0px;--awb-border-radius-bottom-left:0px;--awb-flex-wrap:wrap;\" ><div class=\"fusion-builder-row fusion-row fusion-flex-align-items-flex-start fusion-flex-content-wrap\" style=\"max-width:1248px;margin-left: calc(-4% \/ 2 );margin-right: calc(-4% \/ 2 );\"><div class=\"fusion-layout-column fusion_builder_column fusion-builder-column-1 fusion_builder_column_1_1 1_1 fusion-flex-column\" style=\"--awb-bg-blend:overlay;--awb-bg-size:cover;--awb-width-large:100%;--awb-margin-top-large:0px;--awb-spacing-right-large:1.92%;--awb-margin-bottom-large:0px;--awb-spacing-left-large:1.92%;--awb-width-medium:100%;--awb-spacing-right-medium:1.92%;--awb-spacing-left-medium:1.92%;--awb-width-small:100%;--awb-spacing-right-small:1.92%;--awb-spacing-left-small:1.92%;\"><div class=\"fusion-column-wrapper fusion-flex-justify-content-flex-start fusion-content-layout-column\"><div class=\"fusion-text fusion-text-2\"><p><strong>Introducci\u00f3n<br \/>\n<\/strong>Summer Fruit, S.C.A. se compromete a proteger la privacidad de sus usuarios y garantiza el cumplimiento de la normativa de protecci\u00f3n de datos, en particular el Reglamento General de Protecci\u00f3n de Datos (GDPR).<\/p>\n<p><strong><br \/>\nResponsable del Tratamiento de Datos<\/strong><br \/>\nEl responsable del tratamiento de los datos es Summer Fruit, S.C.A., con domicilio en Crta. Nacional, Km. 211. 22520 Fraga (Huesca), y n\u00famero de contacto 974 453 915.<\/p>\n<p><strong><br \/>\nDatos Personales Recogidos<\/strong><br \/>\nRecogemos los siguientes datos personales:<\/p>\n<ul>\n<li>Informaci\u00f3n de contacto (nombre, direcci\u00f3n de correo electr\u00f3nico, n\u00famero de tel\u00e9fono).<\/li>\n<li>Datos de navegaci\u00f3n y de uso del sitio web.<\/li>\n<\/ul>\n<p><b><br \/>\nFinalidad del Tratamiento de Datos<br \/>\n<\/b><span style=\"color: var(--awb-text-color); font-family: var(--awb-text-font-family); font-size: var(--awb-font-size); font-style: var(--awb-text-font-style); font-weight: var(--awb-text-font-weight); letter-spacing: var(--awb-letter-spacing); text-align: var(--awb-content-alignment); text-transform: var(--awb-text-transform); background-color: var(--awb-bg-color-hover);\">Los datos personales recogidos se utilizan para los siguientes fines:<\/span><\/p>\n<ul>\n<li>Proporcionar y mejorar nuestros servicios.<\/li>\n<li>Responder a consultas y solicitudes de los usuarios.<\/li>\n<li>Cumplir con obligaciones legales.<\/li>\n<\/ul>\n<p><strong><br \/>\nConservaci\u00f3n de los Datos<\/strong><br \/>\nLos datos personales se conservar\u00e1n durante el tiempo necesario para cumplir con la finalidad para la cual fueron recogidos o hasta que el usuario solicite su eliminaci\u00f3n, salvo que una ley exija un periodo de conservaci\u00f3n espec\u00edfico.<\/p>\n<p><strong><br \/>\nDestinatarios de los Datos<\/strong><br \/>\nNo compartimos datos personales con terceros, salvo en los casos en los que sea necesario para cumplir con obligaciones legales o en los que el usuario haya otorgado su consentimiento.<\/p>\n<p><strong><br \/>\nDerechos de los Usuarios<\/strong><br \/>\nLos usuarios tienen derecho a:<\/p>\n<ul>\n<li>Acceso a sus datos personales.<\/li>\n<li>Rectificaci\u00f3n de datos incorrectos.<\/li>\n<li>Supresi\u00f3n de sus datos personales.<\/li>\n<li>Limitaci\u00f3n del tratamiento de datos.<\/li>\n<li>Portabilidad de sus datos.<\/li>\n<li>Oposici\u00f3n al tratamiento de sus datos.<\/li>\n<\/ul>\n<p>Para ejercer estos derechos, el usuario puede contactar a info@summerfruit.es<\/p>\n<p><strong><br \/>\nCambios en la Pol\u00edtica de Privacidad<\/strong><br \/>\nNos reservamos el derecho de modificar esta pol\u00edtica de privacidad en cualquier momento. La versi\u00f3n actualizada estar\u00e1 disponible en nuestro sitio web.<\/p>\n<\/div><\/div><\/div><\/div><\/div><\/p>","protected":false},"excerpt":{"rendered":"","protected":false},"author":1,"featured_media":0,"parent":0,"menu_order":0,"comment_status":"closed","ping_status":"closed","template":"","meta":{"footnotes":""},"class_list":["post-1366","page","type-page","status-publish","hentry"],"yoast_head":"<!-- This site is optimized with the Yoast SEO plugin v26.0 - https:\/\/yoast.com\/wordpress\/plugins\/seo\/ -->\n<title>POL\u00cdTICA DE PRIVACIDAD - Summer Fruit, SC<\/title>\n<meta name=\"robots\" content=\"noindex, nofollow\" \/>\n<meta property=\"og:locale\" content=\"en_US\" \/>\n<meta property=\"og:type\" content=\"article\" \/>\n<meta property=\"og:title\" content=\"POL\u00cdTICA DE PRIVACIDAD - Summer Fruit, SC\" \/>\n<meta property=\"og:url\" content=\"https:\/\/summerfruit.es\/en\/politica-de-privacidad\/\" \/>\n<meta property=\"og:site_name\" content=\"Summer Fruit, SC\" \/>\n<meta property=\"article:modified_time\" content=\"2024-11-04T09:31:56+00:00\" \/>\n<meta name=\"twitter:card\" content=\"summary_large_image\" \/>\n<meta name=\"twitter:label1\" content=\"Est. reading time\" \/>\n\t<meta name=\"twitter:data1\" content=\"2 minutes\" \/>\n<script type=\"application\/ld+json\" class=\"yoast-schema-graph\">{\"@context\":\"https:\/\/schema.org\",\"@graph\":[{\"@type\":\"WebPage\",\"@id\":\"https:\/\/summerfruit.es\/politica-de-privacidad\/\",\"url\":\"https:\/\/summerfruit.es\/politica-de-privacidad\/\",\"name\":\"POL\u00cdTICA DE PRIVACIDAD - Summer Fruit, SC\",\"isPartOf\":{\"@id\":\"https:\/\/summerfruit.es\/#website\"},\"datePublished\":\"2024-10-31T07:50:12+00:00\",\"dateModified\":\"2024-11-04T09:31:56+00:00\",\"breadcrumb\":{\"@id\":\"https:\/\/summerfruit.es\/politica-de-privacidad\/#breadcrumb\"},\"inLanguage\":\"en-US\",\"potentialAction\":[{\"@type\":\"ReadAction\",\"target\":[\"https:\/\/summerfruit.es\/politica-de-privacidad\/\"]}]},{\"@type\":\"BreadcrumbList\",\"@id\":\"https:\/\/summerfruit.es\/politica-de-privacidad\/#breadcrumb\",\"itemListElement\":[{\"@type\":\"ListItem\",\"position\":1,\"name\":\"Home\",\"item\":\"https:\/\/summerfruit.es\/\"},{\"@type\":\"ListItem\",\"position\":2,\"name\":\"POL\u00cdTICA DE PRIVACIDAD\"}]},{\"@type\":\"WebSite\",\"@id\":\"https:\/\/summerfruit.es\/#website\",\"url\":\"https:\/\/summerfruit.es\/\",\"name\":\"Summer Fruit, SC\",\"description\":\"\",\"potentialAction\":[{\"@type\":\"SearchAction\",\"target\":{\"@type\":\"EntryPoint\",\"urlTemplate\":\"https:\/\/summerfruit.es\/?s={search_term_string}\"},\"query-input\":{\"@type\":\"PropertyValueSpecification\",\"valueRequired\":true,\"valueName\":\"search_term_string\"}}],\"inLanguage\":\"en-US\"}]}<\/script>\n<!-- \/ Yoast SEO plugin. -->","yoast_head_json":{"title":"POL\u00cdTICA DE PRIVACIDAD - Summer Fruit, SC","robots":{"index":"noindex","follow":"nofollow"},"og_locale":"en_US","og_type":"article","og_title":"POL\u00cdTICA DE PRIVACIDAD - Summer Fruit, SC","og_url":"https:\/\/summerfruit.es\/en\/politica-de-privacidad\/","og_site_name":"Summer Fruit, SC","article_modified_time":"2024-11-04T09:31:56+00:00","twitter_card":"summary_large_image","twitter_misc":{"Est. reading time":"2 minutes"},"schema":{"@context":"https:\/\/schema.org","@graph":[{"@type":"WebPage","@id":"https:\/\/summerfruit.es\/politica-de-privacidad\/","url":"https:\/\/summerfruit.es\/politica-de-privacidad\/","name":"POL\u00cdTICA DE PRIVACIDAD - Summer Fruit, SC","isPartOf":{"@id":"https:\/\/summerfruit.es\/#website"},"datePublished":"2024-10-31T07:50:12+00:00","dateModified":"2024-11-04T09:31:56+00:00","breadcrumb":{"@id":"https:\/\/summerfruit.es\/politica-de-privacidad\/#breadcrumb"},"inLanguage":"en-US","potentialAction":[{"@type":"ReadAction","target":["https:\/\/summerfruit.es\/politica-de-privacidad\/"]}]},{"@type":"BreadcrumbList","@id":"https:\/\/summerfruit.es\/politica-de-privacidad\/#breadcrumb","itemListElement":[{"@type":"ListItem","position":1,"name":"Home","item":"https:\/\/summerfruit.es\/"},{"@type":"ListItem","position":2,"name":"POL\u00cdTICA DE PRIVACIDAD"}]},{"@type":"WebSite","@id":"https:\/\/summerfruit.es\/#website","url":"https:\/\/summerfruit.es\/","name":"Summer Fruit, SC","description":"","potentialAction":[{"@type":"SearchAction","target":{"@type":"EntryPoint","urlTemplate":"https:\/\/summerfruit.es\/?s={search_term_string}"},"query-input":{"@type":"PropertyValueSpecification","valueRequired":true,"valueName":"search_term_string"}}],"inLanguage":"en-US"}]}},"_links":{"self":[{"href":"https:\/\/summerfruit.es\/en\/wp-json\/wp\/v2\/pages\/1366","targetHints":{"allow":["GET"]}}],"collection":[{"href":"https:\/\/summerfruit.es\/en\/wp-json\/wp\/v2\/pages"}],"about":[{"href":"https:\/\/summerfruit.es\/en\/wp-json\/wp\/v2\/types\/page"}],"author":[{"embeddable":true,"href":"https:\/\/summerfruit.es\/en\/wp-json\/wp\/v2\/users\/1"}],"replies":[{"embeddable":true,"href":"https:\/\/summerfruit.es\/en\/wp-json\/wp\/v2\/comments?post=1366"}],"version-history":[{"count":7,"href":"https:\/\/summerfruit.es\/en\/wp-json\/wp\/v2\/pages\/1366\/revisions"}],"predecessor-version":[{"id":1391,"href":"https:\/\/summerfruit.es\/en\/wp-json\/wp\/v2\/pages\/1366\/revisions\/1391"}],"wp:attachment":[{"href":"https:\/\/summerfruit.es\/en\/wp-json\/wp\/v2\/media?parent=1366"}],"curies":[{"name":"wp","href":"https:\/\/api.w.org\/{rel}","templated":true}]}}