{"id":1362,"date":"2024-10-31T07:29:16","date_gmt":"2024-10-31T07:29:16","guid":{"rendered":"https:\/\/produccion6.proweb-jscomunicacion.com\/?page_id=1362"},"modified":"2025-01-24T12:28:42","modified_gmt":"2025-01-24T12:28:42","slug":"aviso-legal","status":"publish","type":"page","link":"https:\/\/summerfruit.es\/en\/aviso-legal\/","title":{"rendered":"LEGAL NOTICE"},"content":{"rendered":"<p><div class=\"fusion-fullwidth fullwidth-box fusion-builder-row-1 fusion-flex-container has-pattern-background has-mask-background nonhundred-percent-fullwidth non-hundred-percent-height-scrolling\" style=\"--awb-border-radius-top-left:0px;--awb-border-radius-top-right:0px;--awb-border-radius-bottom-right:0px;--awb-border-radius-bottom-left:0px;--awb-flex-wrap:wrap;\" ><div class=\"fusion-builder-row fusion-row fusion-flex-align-items-flex-start fusion-flex-content-wrap\" style=\"max-width:1248px;margin-left: calc(-4% \/ 2 );margin-right: calc(-4% \/ 2 );\"><div class=\"fusion-layout-column fusion_builder_column fusion-builder-column-0 fusion_builder_column_1_1 1_1 fusion-flex-column\" style=\"--awb-bg-size:cover;--awb-width-large:100%;--awb-margin-top-large:0px;--awb-spacing-right-large:1.92%;--awb-margin-bottom-large:20px;--awb-spacing-left-large:1.92%;--awb-width-medium:100%;--awb-order-medium:0;--awb-spacing-right-medium:1.92%;--awb-spacing-left-medium:1.92%;--awb-width-small:100%;--awb-order-small:0;--awb-spacing-right-small:1.92%;--awb-spacing-left-small:1.92%;\"><div class=\"fusion-column-wrapper fusion-column-has-shadow fusion-flex-justify-content-flex-start fusion-content-layout-column\"><div class=\"fusion-title title fusion-title-1 fusion-sep-none fusion-title-text fusion-title-size-paragraph\" style=\"--awb-font-size:40px;\"><p class=\"fusion-title-heading title-heading-left title-heading-tag fusion-responsive-typography-calculated\" style=\"margin:0;font-size:1em;--fontSize:40;line-height:var(--awb-typography4-line-height);\">Aviso Legal<\/p><\/div><\/div><\/div><\/div><\/div><div class=\"fusion-fullwidth fullwidth-box fusion-builder-row-2 fusion-flex-container nonhundred-percent-fullwidth non-hundred-percent-height-scrolling\" style=\"--awb-border-radius-top-left:0px;--awb-border-radius-top-right:0px;--awb-border-radius-bottom-right:0px;--awb-border-radius-bottom-left:0px;--awb-flex-wrap:wrap;\" ><div class=\"fusion-builder-row fusion-row fusion-flex-align-items-flex-start fusion-flex-content-wrap\" style=\"max-width:1248px;margin-left: calc(-4% \/ 2 );margin-right: calc(-4% \/ 2 );\"><div class=\"fusion-layout-column fusion_builder_column fusion-builder-column-1 fusion_builder_column_1_1 1_1 fusion-flex-column\" style=\"--awb-bg-blend:overlay;--awb-bg-size:cover;--awb-width-large:100%;--awb-margin-top-large:0px;--awb-spacing-right-large:1.92%;--awb-margin-bottom-large:0px;--awb-spacing-left-large:1.92%;--awb-width-medium:100%;--awb-spacing-right-medium:1.92%;--awb-spacing-left-medium:1.92%;--awb-width-small:100%;--awb-spacing-right-small:1.92%;--awb-spacing-left-small:1.92%;\"><div class=\"fusion-column-wrapper fusion-flex-justify-content-flex-start fusion-content-layout-column\"><div class=\"fusion-text fusion-text-1\"><p><strong>Identificaci\u00f3n del Titular del Sitio Web<\/strong><br \/>\nEn cumplimiento de la Ley 34\/2002 de Servicios de la Sociedad de la Informaci\u00f3n y de Comercio Electr\u00f3nico (LSSICE), se informa que el titular de este sitio web es:<\/p>\n<ul>\n<li><strong>Nombre o Raz\u00f3n Social<\/strong>: Summer Fruit, S.C.A.<\/li>\n<li><strong>NIF\/CIF<\/strong>: ESF22374052<\/li>\n<li><strong>Domicilio Social<\/strong>: Carretera Nacional, 211<\/li>\n<li><strong>Tel\u00e9fono de Contacto<\/strong>: 974 453 915<\/li>\n<li><strong>Correo Electr\u00f3nico<\/strong>: info@summerfruit.es<\/li>\n<\/ul>\n<p><strong>Datos de Inscripci\u00f3n<\/strong>: [N\u00famero de inscripci\u00f3n en el Registro Mercantil, en su caso]<\/p>\n<p><strong>Condiciones de Uso<\/strong><br \/>\nEl uso de este sitio web implica la aceptaci\u00f3n de las siguientes condiciones de uso. El usuario se compromete a utilizar este sitio de acuerdo con la ley, la moral, y el orden p\u00fablico, absteni\u00e9ndose de realizar actividades il\u00edcitas o perjudiciales para los derechos e intereses de terceros.<\/p>\n<p><strong>Propiedad Intelectual e Industrial<br \/>\n<\/strong>Todos los contenidos de este sitio web, incluyendo textos, gr\u00e1ficos, im\u00e1genes, logotipos, y otros materiales, est\u00e1n protegidos por derechos de propiedad intelectual e industrial. [Nombre del titular] es titular de los derechos de explotaci\u00f3n de dichos contenidos, o ha obtenido las licencias necesarias de terceros.<\/p>\n<p><strong>Limitaci\u00f3n de Responsabilidad<\/strong>[Nombre del titular] no se hace responsable de los da\u00f1os o perjuicios derivados del uso de este sitio web, incluyendo errores u omisiones en los contenidos o la falta de disponibilidad del sitio web<\/p>\n<p><strong>Protecci\u00f3n de Datos Personales<\/strong>[Nombre del titular] se compromete a proteger los datos personales de los usuarios, cumpliendo con la normativa vigente en materia de protecci\u00f3n de datos, en particular el Reglamento General de Protecci\u00f3n de Datos (GDPR) y la Ley Org\u00e1nica de Protecci\u00f3n de Datos Personales y garant\u00eda de los derechos digitales. Para m\u00e1s informaci\u00f3n sobre el tratamiento de los datos personales, consulte nuestra <a href=\"https:\/\/summerfruit.es\/en\/politica-de-privacidad\/\">Pol\u00edtica de Privacidad<\/a>.<br \/>\n<strong><br \/>\nEnlaces Externos<\/strong><br \/>\nEste sitio web puede contener enlaces a sitios web de terceros. [Nombre del titular] no se responsabiliza del contenido de estos sitios externos ni de los da\u00f1os o p\u00e9rdidas que puedan derivarse de su uso.<br \/>\n<strong><br \/>\nLegislaci\u00f3n Aplicable y Jurisdicci\u00f3n<\/strong><br \/>\nEste Aviso Legal se rige por la legislaci\u00f3n espa\u00f1ola. Para la resoluci\u00f3n de cualquier conflicto o disputa, las partes se someten a los juzgados y tribunales de [Ciudad o Comunidad Aut\u00f3noma], renunciando expresamente a cualquier otro fuero que pudiera corresponderles.<\/p>\n<p><strong>Contact<\/strong><br \/>\nPara cualquier consulta o informaci\u00f3n adicional, puede ponerse en contacto con nosotros a trav\u00e9s de [Correo electr\u00f3nico o tel\u00e9fono de contacto].<\/p>\n<\/div><\/div><\/div><\/div><\/div><\/p>","protected":false},"excerpt":{"rendered":"","protected":false},"author":1,"featured_media":0,"parent":0,"menu_order":0,"comment_status":"closed","ping_status":"closed","template":"","meta":{"footnotes":""},"class_list":["post-1362","page","type-page","status-publish","hentry"],"yoast_head":"<!-- This site is optimized with the Yoast SEO plugin v26.0 - https:\/\/yoast.com\/wordpress\/plugins\/seo\/ -->\n<title>AVISO LEGAL - Summer Fruit, SC<\/title>\n<meta name=\"robots\" content=\"noindex, nofollow\" \/>\n<meta property=\"og:locale\" content=\"en_US\" \/>\n<meta property=\"og:type\" content=\"article\" \/>\n<meta property=\"og:title\" content=\"AVISO LEGAL - Summer Fruit, SC\" \/>\n<meta property=\"og:url\" content=\"https:\/\/summerfruit.es\/en\/aviso-legal\/\" \/>\n<meta property=\"og:site_name\" content=\"Summer Fruit, SC\" \/>\n<meta property=\"article:modified_time\" content=\"2025-01-24T12:28:42+00:00\" \/>\n<meta name=\"twitter:card\" content=\"summary_large_image\" \/>\n<meta name=\"twitter:label1\" content=\"Est. reading time\" \/>\n\t<meta name=\"twitter:data1\" content=\"2 minutes\" \/>\n<script type=\"application\/ld+json\" class=\"yoast-schema-graph\">{\"@context\":\"https:\/\/schema.org\",\"@graph\":[{\"@type\":\"WebPage\",\"@id\":\"https:\/\/summerfruit.es\/aviso-legal\/\",\"url\":\"https:\/\/summerfruit.es\/aviso-legal\/\",\"name\":\"AVISO LEGAL - Summer Fruit, SC\",\"isPartOf\":{\"@id\":\"https:\/\/summerfruit.es\/#website\"},\"datePublished\":\"2024-10-31T07:29:16+00:00\",\"dateModified\":\"2025-01-24T12:28:42+00:00\",\"breadcrumb\":{\"@id\":\"https:\/\/summerfruit.es\/aviso-legal\/#breadcrumb\"},\"inLanguage\":\"en-US\",\"potentialAction\":[{\"@type\":\"ReadAction\",\"target\":[\"https:\/\/summerfruit.es\/aviso-legal\/\"]}]},{\"@type\":\"BreadcrumbList\",\"@id\":\"https:\/\/summerfruit.es\/aviso-legal\/#breadcrumb\",\"itemListElement\":[{\"@type\":\"ListItem\",\"position\":1,\"name\":\"Home\",\"item\":\"https:\/\/summerfruit.es\/\"},{\"@type\":\"ListItem\",\"position\":2,\"name\":\"AVISO LEGAL\"}]},{\"@type\":\"WebSite\",\"@id\":\"https:\/\/summerfruit.es\/#website\",\"url\":\"https:\/\/summerfruit.es\/\",\"name\":\"Summer Fruit, SC\",\"description\":\"\",\"potentialAction\":[{\"@type\":\"SearchAction\",\"target\":{\"@type\":\"EntryPoint\",\"urlTemplate\":\"https:\/\/summerfruit.es\/?s={search_term_string}\"},\"query-input\":{\"@type\":\"PropertyValueSpecification\",\"valueRequired\":true,\"valueName\":\"search_term_string\"}}],\"inLanguage\":\"en-US\"}]}<\/script>\n<!-- \/ Yoast SEO plugin. -->","yoast_head_json":{"title":"AVISO LEGAL - Summer Fruit, SC","robots":{"index":"noindex","follow":"nofollow"},"og_locale":"en_US","og_type":"article","og_title":"AVISO LEGAL - Summer Fruit, SC","og_url":"https:\/\/summerfruit.es\/en\/aviso-legal\/","og_site_name":"Summer Fruit, SC","article_modified_time":"2025-01-24T12:28:42+00:00","twitter_card":"summary_large_image","twitter_misc":{"Est. reading time":"2 minutes"},"schema":{"@context":"https:\/\/schema.org","@graph":[{"@type":"WebPage","@id":"https:\/\/summerfruit.es\/aviso-legal\/","url":"https:\/\/summerfruit.es\/aviso-legal\/","name":"AVISO LEGAL - Summer Fruit, SC","isPartOf":{"@id":"https:\/\/summerfruit.es\/#website"},"datePublished":"2024-10-31T07:29:16+00:00","dateModified":"2025-01-24T12:28:42+00:00","breadcrumb":{"@id":"https:\/\/summerfruit.es\/aviso-legal\/#breadcrumb"},"inLanguage":"en-US","potentialAction":[{"@type":"ReadAction","target":["https:\/\/summerfruit.es\/aviso-legal\/"]}]},{"@type":"BreadcrumbList","@id":"https:\/\/summerfruit.es\/aviso-legal\/#breadcrumb","itemListElement":[{"@type":"ListItem","position":1,"name":"Home","item":"https:\/\/summerfruit.es\/"},{"@type":"ListItem","position":2,"name":"AVISO LEGAL"}]},{"@type":"WebSite","@id":"https:\/\/summerfruit.es\/#website","url":"https:\/\/summerfruit.es\/","name":"Summer Fruit, SC","description":"","potentialAction":[{"@type":"SearchAction","target":{"@type":"EntryPoint","urlTemplate":"https:\/\/summerfruit.es\/?s={search_term_string}"},"query-input":{"@type":"PropertyValueSpecification","valueRequired":true,"valueName":"search_term_string"}}],"inLanguage":"en-US"}]}},"_links":{"self":[{"href":"https:\/\/summerfruit.es\/en\/wp-json\/wp\/v2\/pages\/1362","targetHints":{"allow":["GET"]}}],"collection":[{"href":"https:\/\/summerfruit.es\/en\/wp-json\/wp\/v2\/pages"}],"about":[{"href":"https:\/\/summerfruit.es\/en\/wp-json\/wp\/v2\/types\/page"}],"author":[{"embeddable":true,"href":"https:\/\/summerfruit.es\/en\/wp-json\/wp\/v2\/users\/1"}],"replies":[{"embeddable":true,"href":"https:\/\/summerfruit.es\/en\/wp-json\/wp\/v2\/comments?post=1362"}],"version-history":[{"count":5,"href":"https:\/\/summerfruit.es\/en\/wp-json\/wp\/v2\/pages\/1362\/revisions"}],"predecessor-version":[{"id":1413,"href":"https:\/\/summerfruit.es\/en\/wp-json\/wp\/v2\/pages\/1362\/revisions\/1413"}],"wp:attachment":[{"href":"https:\/\/summerfruit.es\/en\/wp-json\/wp\/v2\/media?parent=1362"}],"curies":[{"name":"wp","href":"https:\/\/api.w.org\/{rel}","templated":true}]}}